{"id":2949,"date":"2018-11-19T09:50:44","date_gmt":"2018-11-19T08:50:44","guid":{"rendered":"http:\/\/v2.couleursdechine.org\/?page_id=2949"},"modified":"2024-03-14T17:04:26","modified_gmt":"2024-03-14T16:04:26","slug":"the-association","status":"publish","type":"page","link":"https:\/\/couleursdechine.org\/zh-hans\/the-association\/","title":{"rendered":"\u5173\u4e8e\u534f\u4f1a"},"content":{"rendered":"<p>[vc_row full_width=&#8221;stretch_row&#8221; content_placement=&#8221;middle&#8221; parallax=&#8221;content-moving&#8221; css=&#8221;.vc_custom_1539102570206{background-image: url(https:\/\/couleursdechine.org\/wp-content\/uploads\/2018\/09\/riziere-miao2.jpg?id=2074) !important;background-position: 0 0;background-repeat:-repeat;}&#8221;][vc_column]\r\n\t<div class=\"wprt-spacer clearfix\" data-desktop=\"160\" data-mobi=\"60\" data-smobi=\"60\"><\/div>[vc_row_inner][vc_column_inner css=&#8221;.vc_custom_1536651650359{padding-top: 20px !important;background-color: rgba(255,255,255,0.72) !important;*background-color: rgb(255,255,255) !important;}&#8221;]<div class=\"wprt-icon-box clearfix icon-left w85 grey-outline align-left rounded-100 has-width\"><div class=\"icon-wrap\" style=\"line-height:81px;\">\r\n\t\t\t\t<i class=\"fa fa-id-card-o\"><\/i>\r\n\t\t\t<\/div> <h3 class=\"heading\" style=\"padding-left:103px;font-weight:600;font-size:30px;line-height:26px;margin-top:40px;margin-bottom:80px;\">\r\n\t\t<a target=\"_blank\" href=\"\">\r\n\t\t\t<span>\u5173\u4e8e\u534f\u4f1a<\/span>\r\n\t\t<\/a>\r\n\t<\/h3><\/div>[\/vc_column_inner][\/vc_row_inner][vc_row_inner equal_height=&#8221;yes&#8221; content_placement=&#8221;middle&#8221; css=&#8221;.vc_custom_1539100463375{padding-bottom: 50px !important;}&#8221;][vc_column_inner width=&#8221;1\/2&#8243; css=&#8221;.vc_custom_1536651650359{padding-top: 20px !important;background-color: rgba(255,255,255,0.72) !important;*background-color: rgb(255,255,255) !important;}&#8221;][vc_column_text css=&#8221;.vc_custom_1710431380636{padding-right: 20px !important;padding-bottom: 30px !important;padding-left: 20px !important;}&#8221;]<\/p>\n<div style=\"color: #333333; text-align: justify;\"><strong>\u4e2d\u56fd\u8272\u5f69\u662f\u4f9d\u7167\u6cd5\u56fd1901\u5e74\u6cd5\u5f8b\u6210\u7acb\u7684\u534f\u4f1a\u7ec4\u7ec7\uff0c\u6ce8\u518c\u4e8e\u6cd5\u56fd\u4e0a\u585e\u7eb3\u6cb3\u7701\u5730\u533a\uff0c\u5730\u5740\u4f4d\u4e8e\u6cd5\u56fd 61 rue de Lyon 75012 Paris\u3002\u534f\u4f1a\u6210\u7acb\u4e8e1990\u5e743\u670812\u65e5\uff0c\u534f\u4f1a\u5b97\u65e8\u662f\u5728\u6cd5\u56fd\u63a8\u5e7f\u4e2d\u56fd\u5c11\u6570\u6c11\u65cf\u6587\u5316\u3002<\/strong><br \/><strong>1997\u5e74\uff0c\u534f\u4f1a\u7684\u521b\u59cb\u4eba\u65b9\u82b3\u5973\u58eb (Fran\u00e7oise Grenot-Wang)\uff0c\u5728\u5e7f\u897f\u82d7\u65cf\u5927\u5c71\u5730\u533a\u4e3a\u65e0\u7586\u754c\u533b\u751f\u516c\u76ca\u7ec4\u7ec7\u505a\u7ffb\u8bd1\u7684\u5de5\u4f5c\u3002\u5728\u5de5\u4f5c\u5f53\u4e2d\uff0c\u5f53\u5730\u5973\u5b69\u5165\u5b66\u7684\u56f0\u96be\u89e6\u52a8\u4e86\u5979\u3002<\/strong><\/div>\n<p>[\/vc_column_text][\/vc_column_inner][vc_column_inner width=&#8221;1\/2&#8243; css=&#8221;.vc_custom_1537967470265{padding-top: 20px !important;background-color: rgba(255,255,255,0.72) !important;*background-color: rgb(255,255,255) !important;}&#8221;][vc_column_text css=&#8221;.vc_custom_1542617957959{padding-right: 20px !important;padding-bottom: 30px !important;padding-left: 20px !important;}&#8221;]<\/p>\n<div><strong><span style=\"color: #333333;\">\u4e8b\u5b9e\u4e0a\uff0c\u5728\u82d7\u65cf\uff0c\u7476\u65cf\u548c\u4f97\u65cf\u5730\u533a\u7684\u5927\u591a\u6570\u5b66\u6821\u91cc\uff0c\u7531\u4e8e\u5bb6\u5ead\u7684\u8d2b\u56f0\uff0c\u51e0\u4e4e\u6ca1\u6709\u5973\u5b69\u4e0a\u5b66\u3002<\/span><\/strong><strong><span style=\"color: #333333;\">\u5bf9\u4e8e\u8fd9\u4e9b\u4e0a\u5b66\u7684\u5b69\u5b50\uff0c\u4f18\u5148\u8003\u8651\u7684\u662f\u7537\u5b69\uff0c\u56e0\u4e3a\u4e00\u4e2a\u5b69\u5b50\u7684\u5b66\u8d39\u5360\u5bb6\u5ead\u6536\u5165\u7684\u5f88\u5927\u90e8\u5206\u3002<\/span><\/strong><\/div>\n<div style=\"color: #333333; text-align: justify;\"><span style=\"color: #333333;\"><strong><span style=\"color: #333333;\">\u56e0\u6b64\uff0c\u57281998\u5e74\u7684\u6625\u5b63\uff0c\u4e2d\u56fd\u8272\u5f69\u534f\u4f1a\u5f00\u59cb\u4e86\u5e2e\u52a9\u82d7\u65cf\u5927\u5c71\u91cc\u7684\u5c11\u6570\u6c11\u65cf\u5973\u5b69\u5c31\u5b66\u7684\u516c\u76ca\u884c\u52a8\u3002\u534f\u4f1a\u4e5f\u4ece\u7eaf\u7cb9\u6587\u5316\u7684\u6027\u8d28\uff0c\u8fc7\u6e21\u5230\u4e86\u4eba\u9053\u4e3b\u4e49\u7684\u610f\u4e49\u5c42\u9762\u3002<\/span><br \/>\n<\/strong><\/span><\/div>\n<p>[\/vc_column_text][\/vc_column_inner][\/vc_row_inner]\r\n\t<div class=\"wprt-spacer clearfix\" data-desktop=\"160\" data-mobi=\"60\" data-smobi=\"60\"><\/div>[\/vc_column][\/vc_row][vc_row][vc_column]\r\n\t<div class=\"wprt-spacer clearfix\" data-desktop=\"40\" data-mobi=\"15\" data-smobi=\"15\"><\/div>[\/vc_column][\/vc_row][vc_row][vc_column offset=&#8221;vc_col-lg-12&#8243;]<div class=\"wprt-headings clearfix \"  style=\"\"><h2 class=\"heading clearfix\" style=\"\">\r\n\t\t\u4e86\u89e3\u66f4\u591a:\r\n\t<\/h2><div class=\"sep clearfix\" style=\"width:190px;height:2px;\"><\/div><\/div>\r\n\t<div class=\"wprt-tabs clearfix style-3 title-w190\"><ul class=\"tab-title clearfix\"><\/ul><div class=\"tab-content-wrap\"><div class=\"tab-content \" style=\"\"><span class=\"item-title\" style=\"\">\r\n\t\t\t<span class=\"inner\" style=\"\">\r\n\t\t\t\t\u53c2\u8003\u4e66\u76ee\r\n\t\t\t<\/span>\r\n\t\t<\/span><div class=\"item-content\" style=\"\"><ul>\n<li>\u00ab\u00a0Au c\u0153ur de la Chine\u00a0\u00bb. Une Fran\u00e7aise en Pays Miao, \u00e9ditions Albin Michel, Paris, 2007<\/li>\n<li>Chine du Sud. \u00ab\u00a0La Mosa\u00efque des minorit\u00e9s\u00a0\u00bb, \u00e9ditions Indes Savantes, Paris 2000, r\u00e9\u00e9dition 2005<\/li>\n<li>Guide Bleu Chine du Sud-Ouest, \u00e9ditions Hachette, 1998 (participation \u00e0 la r\u00e9daction des chapitres sur les minorit\u00e9s ethniques et sur les provinces du Guizhou et Yunnan)<\/li>\n<\/ul>\n<\/div><\/div><div class=\"tab-content \" style=\"\"><span class=\"item-title\" style=\"\">\r\n\t\t\t<span class=\"inner\" style=\"\">\r\n\t\t\t\t\u94fe\u63a5\r\n\t\t\t<\/span>\r\n\t\t<\/span><div class=\"item-content\" style=\"\"><ul>\n<li>Le blog de Fangfang<\/li>\n<li>T\u00e9moignages disparition de FangFang<\/li>\n<li>Disparition de FangFang<\/li>\n<li>Le blog Le vent de la Chine<\/li>\n<\/ul>\n<\/div><\/div>\n<\/div><\/div>[\/vc_column][\/vc_row][vc_row][vc_column]\r\n\t<div class=\"wprt-spacer clearfix\" data-desktop=\"40\" data-mobi=\"15\" data-smobi=\"15\"><\/div>[\/vc_column][\/vc_row][vc_row css=&#8221;.vc_custom_1536653179460{background-color: #f5f5f5 !important;}&#8221;][vc_column width=&#8221;1\/2&#8243; css=&#8221;.vc_custom_1536650156551{background-image: url(https:\/\/couleursdechine.org\/wp-content\/uploads\/2018\/09\/fanfang.jpg?id=2092) !important;background-position: center !important;background-repeat: no-repeat !important;background-size: cover !important;}&#8221;]\r\n\t<div class=\"wprt-spacer clearfix\" data-desktop=\"530\" data-mobi=\"300\" data-smobi=\"300\"><\/div>[\/vc_column][vc_column width=&#8221;1\/2&#8243;]<div class=\"wprt-content-box clearfix \" data-margin=\"11% 13% 11% 13%\" data-mobimargin=\"7% 7% 7% 7%\">\r\n\t\t<div class=\"inner\" style=\"\">\r\n\t\t\t<div class=\"wprt-headings clearfix \"  style=\"\"><h2 class=\"heading clearfix\" style=\"margin-bottom:7px;\">\r\n\t\t\u65b9\u82b3\r\n\t<\/h2><div class=\"sep clearfix\" style=\"width:50px;height:2px;\"><\/div><p class=\"sub-heading clearfix\" style=\"font-style:normal;color:#000000;font-size:16px;line-height:32px;margin-bottom:23px;\">\r\n\t\t\u65b9\u82b3\u539f\u540dFran\u00e7oise Grenot-Wang\uff0c2008\u5e7412\u670811\u65e5\u5728\u5e7f\u897f\u5927\u5e74\u5bb6\u4e2d\u7684\u4e00\u573a\u706b\u707e\u4e2d\u4e0d\u5e78\u901d\u4e16\uff0c\u4eab\u5e7459\u5c81\u3002\u5979\u8d70\u540e\uff0c\u7559\u4e0b\u4e86\u4e00\u4e2a\u5bb6\uff0c\u7559\u4e0b\u4e86\u4e00\u9879\u7531\u4e2d\u56fd\u8272\u5f69\u534f\u4f1a\u7ee7\u7eed\u4e3a\u4e4b\u594b\u6597\u3001\u5f97\u5230\u4e2d\u6cd5\u53cc\u65b9\u653f\u5e9c\u8ba4\u53ef\u7684\u4f1f\u5927\u7684\u4eba\u9053\u4e3b\u4e49\u4e8b\u4e1a\uff0c\u4e5f\u7559\u4e0b\u4e86\u4e00\u9879\u5177\u6709\u6781\u9ad8\u4ef7\u503c\u7684\u5173\u4e8e\u4eba\u7c7b\u79cd\u65cf\u5b66\u7684\u7814\u7a76\u3002\u4e3a\u6b64\uff0c\u65b9\u82b3\u8363\u83b7\u4e86\u53cc\u65b9\u653f\u5e9c\u9881\u53d1\u7684\u201c\u5e7f\u897f\u67f3\u5dde\u8363\u8a89\u5e02\u6c11\u201d\u79f0\u53f7\u548c\u6cd5\u56fd\u56fd\u5bb6\u8363\u8a89\u9a91\u58eb\u52cb\u7ae0\u3002\r\n\t<\/p><\/div>\n\r\n\t\t<\/div>\r\n\t<\/div>[\/vc_column][\/vc_row][vc_row full_width=&#8221;stretch_row&#8221; css=&#8221;.vc_custom_1503892047515{background-position: 0 0 !important;background-repeat: repeat !important;}&#8221;][vc_column]\r\n\t<div class=\"wprt-spacer clearfix\" data-desktop=\"50\" data-mobi=\"30\" data-smobi=\"30\"><\/div><div class=\"wprt-headings clearfix text-center\"  style=\"\"><h2 class=\"heading clearfix\" style=\"margin-bottom:7px;\">\r\n\t\t\u4e60\u8fd1\u5e73\u4e3b\u5e2d\u5411\u65b9\u82b3\u81f4\u656c\r\n\t<\/h2><p class=\"sub-heading clearfix\" style=\"font-style:normal;font-size:16px;line-height:32px;max-width:600px; margin-left: auto; margin-right: auto;\">\r\n\t\t2014\u5e743\u6708\uff0c\u4e60\u8fd1\u5e73\u4e3b\u5e2d\u8bbf\u95ee\u6cd5\u56fd\uff0c\u5728\u4e2d\u6cd5\u5efa\u4ea450\u5468\u5e74\u7eaa\u5ff5\u5927\u4f1a\u8bb2\u8bdd\u4e2d\uff0c\u63d0\u5230\u4e86\u4e3a\u201c\u4e2d\u56fd\u53d1\u5c55\u4f5c\u51fa\u91cd\u8981\u8d21\u732e \u201d\u76844\u4f4d\u6cd5\u56fd\u4eba\uff0c\u4ee5\u4e0b\u662f\u8bb2\u8bdd\u7684\u90e8\u5206\u5185\u5bb9\uff1a\r\n\t<\/p><\/div>\r\n\t<div class=\"wprt-spacer clearfix\" data-desktop=\"43\" data-mobi=\"30\" data-smobi=\"30\"><\/div><div class=\"wprt-carousel-box arrow-center bullet-square offsetcenter offset-v0\" data-auto=\"false\" data-loop=\"false\" data-gap=\"20\" data-column=\"1\" data-column2=\"1\" data-column3=\"1\">\r\n        <div class=\"owl-carousel owl-theme\"><div class=\"wprt-testimonials clearfix image-circle has-shadow\">\r\n        <div class=\"item\" style=\"padding-top:51px;\">\r\n            <div class=\"inner\"><div class=\"thumb\" style=\"width:102px; height:102px;\"><img loading=\"lazy\" decoding=\"async\" width=\"91\" height=\"91\" src=\"https:\/\/couleursdechine.org\/wp-content\/uploads\/2018\/09\/xi-jinping.jpg\" class=\"attachment-full size-full\" alt=\"\" \/><\/div> <blockquote class=\"text\" style=\"font-style:italic;background-color: #f6f6f6;color: #999999;padding:75px 40px 36px 40px;font-size:16px;line-height:30px;\">\r\n\t\u201c \u6211\u4eec\u4e0d\u4f1a\u5fd8\u8bb0\uff0c\u65e0\u6570\u6cd5\u56fd\u53cb\u4eba\u4e3a\u4e2d\u56fd\u5404\u9879\u4e8b\u4e1a\u53d1\u5c55\u4f5c\u51fa\u4e86\u91cd\u8981\u8d21\u732e\u3002\u4ed6\u4eec\u4e2d\u6709\u5192\u7740\u751f\u547d\u5371\u9669\u5f00\u8f9f\u4e00\u6761\u81ea\u884c\u8f66\u201c\u9a7c\u5cf0\u822a\u7ebf\u201d\u3001\u628a\u5b9d\u8d35\u7684\u836f\u54c1\u8fd0\u5f80\u4e2d\u56fd\u6297\u65e5\u6839\u636e\u5730\u7684\u6cd5\u56fd\u533b\u751f\u8d1d\u7199\u53f6\uff0c\u6709\u5728\u56db\u5ddd\u6c76\u5ddd\u7279\u5927\u5730\u9707\u671f\u95f4\u4e34\u5371\u4e0d\u60e7\u3001\u5728\u5f3a\u70c8\u4f59\u9707\u4e2d\u820d\u8eab\u5b88\u62a4\u88ab\u56f0\u7535\u68af\u7684\u4e2d\u56fd\u5c0f\u5973\u5b69\u7684\u6cd5\u56fd\u519b\u533b\u4e4c\u57c3\u5c14\uff0c\u6709\u503e\u529b\u652f\u6301\u4e2d\u56fd\u5931\u5b66\u513f\u7ae5\u4e0a\u5b66\u7684\u6cd5\u56fd\u516c\u76ca\u4eba\u58eb\u65b9\u82b3\uff0c\u6709\u57f9\u517b\u51fa\u591a\u4f4d\u4e2d\u56fd\u4f69\u5251\u4e16\u754c\u51a0\u519b\u7684\u9c8d\u57c3\u5c14\u6559\u7ec3\uff0c\u8fd8\u6709\u521a\u521a\u62c5\u4efb\u4e2d\u56fd\u56fd\u5bb6\u7537\u5b50\u8db3\u7403\u961f\u4e3b\u6559\u7ec3\u7684\u963f\u5170\u00b7\u4f69\u5170\u5148\u751f\u3002\u4e2d\u56fd\u5e7f\u5927\u7403\u8ff7\u5bf9\u4ed6\u5bc4\u4e88\u4e86\u70ed\u5207\u671f\u5f85\uff0c\u6211\u795d\u4ed6\u597d\u8fd0\u3002\u201d<div class=\"name-pos\" style=\"margin-top:30px;\"><h6 class=\"name\" style=\"font-size:16px;\">\u4e60\u8fd1\u5e73<\/h6> <span class=\"position\" style=\"color: #4f4f4f;padding-left: 5px;font-size:13px;\">\u4e2d\u534e\u4eba\u6c11\u5171\u548c\u56fd\u4e3b\u5e2d<\/span><\/div>\r\n\t<\/blockquote><\/div>\r\n        <\/div>\r\n    <\/div>\n<\/div>\r\n\t<\/div>[\/vc_column][\/vc_row][vc_row][vc_column][\/vc_column][\/vc_row]<\/p>\n","protected":false},"excerpt":{"rendered":"<p>[vc_row full_width=&#8221;stretch_row&#8221; content_pl&hellip;<\/p>\n","protected":false},"author":42,"featured_media":0,"parent":0,"menu_order":0,"comment_status":"closed","ping_status":"closed","template":"","meta":{"footnotes":""},"class_list":["post-2949","page","type-page","status-publish","hentry"],"_links":{"self":[{"href":"https:\/\/couleursdechine.org\/zh-hans\/wp-json\/wp\/v2\/pages\/2949","targetHints":{"allow":["GET"]}}],"collection":[{"href":"https:\/\/couleursdechine.org\/zh-hans\/wp-json\/wp\/v2\/pages"}],"about":[{"href":"https:\/\/couleursdechine.org\/zh-hans\/wp-json\/wp\/v2\/types\/page"}],"author":[{"embeddable":true,"href":"https:\/\/couleursdechine.org\/zh-hans\/wp-json\/wp\/v2\/users\/42"}],"replies":[{"embeddable":true,"href":"https:\/\/couleursdechine.org\/zh-hans\/wp-json\/wp\/v2\/comments?post=2949"}],"version-history":[{"count":13,"href":"https:\/\/couleursdechine.org\/zh-hans\/wp-json\/wp\/v2\/pages\/2949\/revisions"}],"predecessor-version":[{"id":10808,"href":"https:\/\/couleursdechine.org\/zh-hans\/wp-json\/wp\/v2\/pages\/2949\/revisions\/10808"}],"wp:attachment":[{"href":"https:\/\/couleursdechine.org\/zh-hans\/wp-json\/wp\/v2\/media?parent=2949"}],"curies":[{"name":"wp","href":"https:\/\/api.w.org\/{rel}","templated":true}]}}